{"id":137,"date":"2023-11-13T18:24:52","date_gmt":"2023-11-13T17:24:52","guid":{"rendered":"https:\/\/demarichazelles.fr\/?page_id=137"},"modified":"2023-11-13T18:24:52","modified_gmt":"2023-11-13T17:24:52","slug":"pascale-de-mari","status":"publish","type":"page","link":"https:\/\/demarichazelles.fr\/?page_id=137","title":{"rendered":"Pascale de Mari"},"content":{"rendered":"\n<figure class=\"wp-block-image size-large\"><img loading=\"lazy\" decoding=\"async\" width=\"1024\" height=\"675\" src=\"http:\/\/demarichazelles.fr\/wp-content\/uploads\/2023\/11\/visitekaartje-Pascale-1024x675.jpg\" alt=\"\" class=\"wp-image-69\" srcset=\"https:\/\/demarichazelles.fr\/wp-content\/uploads\/2023\/11\/visitekaartje-Pascale-1024x675.jpg 1024w, https:\/\/demarichazelles.fr\/wp-content\/uploads\/2023\/11\/visitekaartje-Pascale-300x198.jpg 300w, https:\/\/demarichazelles.fr\/wp-content\/uploads\/2023\/11\/visitekaartje-Pascale-768x506.jpg 768w, https:\/\/demarichazelles.fr\/wp-content\/uploads\/2023\/11\/visitekaartje-Pascale.jpg 1039w\" sizes=\"auto, (max-width: 1024px) 100vw, 1024px\" \/><\/figure>\n\n\n\n<p>Dans mon enfance, pass\u00e9e proche de la nature, j\u2019utilisais sans le savoir le magn\u00e9tisme sur les chiens et les chats de la maison.<\/p>\n\n\n\n<p>Une fois mes \u00e9tudes termin\u00e9es, je suis partie aux Pays-Bas et j\u2019ai retrouv\u00e9 le temps de lire. Il s\u2019agissait souvent de livres portant sur l\u2019\u00e9nerg\u00e9tique, la spiritualit\u00e9, l\u2019\u00e9sot\u00e9risme, autant de sujets qui m\u2019ont toujours fascin\u00e9s.<\/p>\n\n\n\n<p>J\u2019avais la chance de vivre dans un pays o\u00f9, il y a plus de 20 ans, existaient d\u00e9j\u00e0 des formations dans ces domaines.<\/p>\n\n\n\n<p>Par un concours de circonstances, c\u2019est le Reiki qui s\u2019est d\u2019abord pr\u00e9sent\u00e9 \u00e0 moi. J\u2019ai donc pass\u00e9 les trois premiers degr\u00e9s (le quatri\u00e8me \u00e9tant le degr\u00e9 de l\u2019enseignement, pour lequel je ne me sens pas encore appel\u00e9e) et pratiqu\u00e9 cette technique sur moi et mon entourage.<\/p>\n\n\n\n<p>\u00c0 mon sens, le Reiki est une technique qui ne se suffit pas \u00e0 elle seule. J\u2019ai donc cherch\u00e9 le meilleur moyen de la compl\u00e9ter et je me suis form\u00e9e \u00e0 d\u2019autres techniques, dont le magn\u00e9tisme, la naturopathie, l\u2019\u00e9quilibrage des chakras.<\/p>\n\n\n\n<p>Je continue \u00e0 apprendre et \u00e0 suivre des stages pour m\u2019am\u00e9liorer encore, d\u00e9velopper toujours plus mes ressentis subtils afin de pouvoir vous aider au mieux.<\/p>\n","protected":false},"excerpt":{"rendered":"<p>Dans mon enfance, pass\u00e9e proche de la nature, j\u2019utilisais sans le savoir le magn\u00e9tisme sur les chiens et les chats de la maison. Une fois mes \u00e9tudes termin\u00e9es, je suis partie aux Pays-Bas et j\u2019ai retrouv\u00e9 le temps de lire. Il s\u2019agissait souvent de livres portant sur l\u2019\u00e9nerg\u00e9tique, la spiritualit\u00e9, l\u2019\u00e9sot\u00e9risme, autant de sujets qui&hellip; <a class=\"more-link\" href=\"https:\/\/demarichazelles.fr\/?page_id=137\">Continue reading <span class=\"screen-reader-text\">Pascale de Mari<\/span><\/a><\/p>\n","protected":false},"author":1,"featured_media":0,"parent":0,"menu_order":0,"comment_status":"closed","ping_status":"closed","template":"","meta":{"footnotes":""},"class_list":["post-137","page","type-page","status-publish","hentry","entry"],"_links":{"self":[{"href":"https:\/\/demarichazelles.fr\/index.php?rest_route=\/wp\/v2\/pages\/137","targetHints":{"allow":["GET"]}}],"collection":[{"href":"https:\/\/demarichazelles.fr\/index.php?rest_route=\/wp\/v2\/pages"}],"about":[{"href":"https:\/\/demarichazelles.fr\/index.php?rest_route=\/wp\/v2\/types\/page"}],"author":[{"embeddable":true,"href":"https:\/\/demarichazelles.fr\/index.php?rest_route=\/wp\/v2\/users\/1"}],"replies":[{"embeddable":true,"href":"https:\/\/demarichazelles.fr\/index.php?rest_route=%2Fwp%2Fv2%2Fcomments&post=137"}],"version-history":[{"count":1,"href":"https:\/\/demarichazelles.fr\/index.php?rest_route=\/wp\/v2\/pages\/137\/revisions"}],"predecessor-version":[{"id":138,"href":"https:\/\/demarichazelles.fr\/index.php?rest_route=\/wp\/v2\/pages\/137\/revisions\/138"}],"wp:attachment":[{"href":"https:\/\/demarichazelles.fr\/index.php?rest_route=%2Fwp%2Fv2%2Fmedia&parent=137"}],"curies":[{"name":"wp","href":"https:\/\/api.w.org\/{rel}","templated":true}]}}