{"id":139,"date":"2023-11-13T18:26:10","date_gmt":"2023-11-13T17:26:10","guid":{"rendered":"https:\/\/demarichazelles.fr\/?page_id=139"},"modified":"2023-11-13T18:26:11","modified_gmt":"2023-11-13T17:26:11","slug":"augustin-de-mari","status":"publish","type":"page","link":"https:\/\/demarichazelles.fr\/?page_id=139","title":{"rendered":"Augustin de Mari"},"content":{"rendered":"<div class=\"wp-block-image\">\n<figure class=\"alignleft size-large\"><img loading=\"lazy\" decoding=\"async\" width=\"662\" height=\"1024\" src=\"http:\/\/demarichazelles.fr\/wp-content\/uploads\/2023\/11\/visitekaartje-Augustin-662x1024.jpg\" alt=\"\" class=\"wp-image-70\" srcset=\"https:\/\/demarichazelles.fr\/wp-content\/uploads\/2023\/11\/visitekaartje-Augustin-662x1024.jpg 662w, https:\/\/demarichazelles.fr\/wp-content\/uploads\/2023\/11\/visitekaartje-Augustin-194x300.jpg 194w, https:\/\/demarichazelles.fr\/wp-content\/uploads\/2023\/11\/visitekaartje-Augustin-768x1187.jpg 768w, https:\/\/demarichazelles.fr\/wp-content\/uploads\/2023\/11\/visitekaartje-Augustin-994x1536.jpg 994w, https:\/\/demarichazelles.fr\/wp-content\/uploads\/2023\/11\/visitekaartje-Augustin.jpg 1299w\" sizes=\"auto, (max-width: 662px) 100vw, 662px\" \/><\/figure>\n<\/div>\n\n\n<p>Au si\u00e8cle dernier, alors que j\u2019\u00e9tais enseignant dans un coll\u00e8ge, j&#8217;utilisais mes mains pour aider de nombreux \u00e9l\u00e8ves \u00e0 se d\u00e9barrasser de leurs maux de t\u00eate ou maux de ventre. Des ann\u00e9es plus tard, j&#8217;ai r\u00e9alis\u00e9 que je les magn\u00e9tisais et que je stimulais les points r\u00e9flexes de la t\u00eate.<\/p>\n\n\n\n<p>Depuis, en suivant une formation et gr\u00e2ce \u00e0 la pratique, j&#8217;ai obtenu les trois niveaux de Reiki, une m\u00e9thode de magn\u00e9tisme. J&#8217;ai d\u00e9couvert la puissance de l&#8217;\u00e9nergie cosmique. En faisant passer cette \u00e9nergie \u00e0 travers mes mains, elle arrive l\u00e0 o\u00f9 elle est n\u00e9cessaire dans le corps.<\/p>\n\n\n\n<p>Ma formation en r\u00e9flexologie me permet de travailler de mani\u00e8re plus pr\u00e9cise. En stimulant des points du pied ou de la main, les organes re\u00e7oivent l\u2019\u00e9nergie qui leur est n\u00e9cessaire.<\/p>\n\n\n\n<p>J&#8217;utilise le pendule comme guide pour cibler plus pr\u00e9cis\u00e9ment les besoins du corps.<\/p>\n\n\n\n<p>La spiritualit\u00e9 joue un r\u00f4le essentiel dans ma vie, dans mes actions et dans ma pens\u00e9e.<\/p>\n","protected":false},"excerpt":{"rendered":"<p>Au si\u00e8cle dernier, alors que j\u2019\u00e9tais enseignant dans un coll\u00e8ge, j&#8217;utilisais mes mains pour aider de nombreux \u00e9l\u00e8ves \u00e0 se d\u00e9barrasser de leurs maux de t\u00eate ou maux de ventre. Des ann\u00e9es plus tard, j&#8217;ai r\u00e9alis\u00e9 que je les magn\u00e9tisais et que je stimulais les points r\u00e9flexes de la t\u00eate. Depuis, en suivant une formation&hellip; <a class=\"more-link\" href=\"https:\/\/demarichazelles.fr\/?page_id=139\">Continue reading <span class=\"screen-reader-text\">Augustin de Mari<\/span><\/a><\/p>\n","protected":false},"author":1,"featured_media":0,"parent":0,"menu_order":0,"comment_status":"closed","ping_status":"closed","template":"","meta":{"footnotes":""},"class_list":["post-139","page","type-page","status-publish","hentry","entry"],"_links":{"self":[{"href":"https:\/\/demarichazelles.fr\/index.php?rest_route=\/wp\/v2\/pages\/139","targetHints":{"allow":["GET"]}}],"collection":[{"href":"https:\/\/demarichazelles.fr\/index.php?rest_route=\/wp\/v2\/pages"}],"about":[{"href":"https:\/\/demarichazelles.fr\/index.php?rest_route=\/wp\/v2\/types\/page"}],"author":[{"embeddable":true,"href":"https:\/\/demarichazelles.fr\/index.php?rest_route=\/wp\/v2\/users\/1"}],"replies":[{"embeddable":true,"href":"https:\/\/demarichazelles.fr\/index.php?rest_route=%2Fwp%2Fv2%2Fcomments&post=139"}],"version-history":[{"count":1,"href":"https:\/\/demarichazelles.fr\/index.php?rest_route=\/wp\/v2\/pages\/139\/revisions"}],"predecessor-version":[{"id":140,"href":"https:\/\/demarichazelles.fr\/index.php?rest_route=\/wp\/v2\/pages\/139\/revisions\/140"}],"wp:attachment":[{"href":"https:\/\/demarichazelles.fr\/index.php?rest_route=%2Fwp%2Fv2%2Fmedia&parent=139"}],"curies":[{"name":"wp","href":"https:\/\/api.w.org\/{rel}","templated":true}]}}