{"id":30,"date":"2023-10-18T15:52:50","date_gmt":"2023-10-18T13:52:50","guid":{"rendered":"https:\/\/demarichazelles.fr\/?page_id=30"},"modified":"2023-11-14T14:43:44","modified_gmt":"2023-11-14T13:43:44","slug":"magnetisme","status":"publish","type":"page","link":"https:\/\/demarichazelles.fr\/?page_id=30","title":{"rendered":"Magn\u00e9tisme"},"content":{"rendered":"\n<p>Fluide impalpable et in-quantifiable, le magn\u00e9tisme est une force vitale pr\u00e9sente en chaque \u00eatre humain. L\u2019action de magn\u00e9tiser consiste \u00e0 transmettre cette \u00e9nergie d\u2019une personne (magn\u00e9tiseur) \u00e0 une autre (magn\u00e9tis\u00e9). Cette transmission am\u00e9liore la circulation du magn\u00e9tisme de la personne qui le re\u00e7oit, r\u00e9\u00e9quilibre son esprit et revitalise son corps.<\/p>\n\n\n<div class=\"wp-block-image\">\n<figure class=\"alignright size-large\"><img loading=\"lazy\" decoding=\"async\" width=\"1024\" height=\"683\" src=\"https:\/\/demarichazelles.fr\/wp-content\/uploads\/2023\/11\/hands-4153292_1920-1024x683.jpg\" alt=\"\" class=\"wp-image-72\" srcset=\"https:\/\/demarichazelles.fr\/wp-content\/uploads\/2023\/11\/hands-4153292_1920-1024x683.jpg 1024w, https:\/\/demarichazelles.fr\/wp-content\/uploads\/2023\/11\/hands-4153292_1920-300x200.jpg 300w, https:\/\/demarichazelles.fr\/wp-content\/uploads\/2023\/11\/hands-4153292_1920-768x512.jpg 768w, https:\/\/demarichazelles.fr\/wp-content\/uploads\/2023\/11\/hands-4153292_1920-1536x1024.jpg 1536w, https:\/\/demarichazelles.fr\/wp-content\/uploads\/2023\/11\/hands-4153292_1920-1568x1045.jpg 1568w, https:\/\/demarichazelles.fr\/wp-content\/uploads\/2023\/11\/hands-4153292_1920.jpg 1920w\" sizes=\"auto, (max-width: 1024px) 100vw, 1024px\" \/><\/figure>\n<\/div>\n\n\n<p>L\u2019homme se trouve plac\u00e9 au centre de deux grands courants d\u2019\u00e9nergie provenant de la terre et du cosmos.<\/p>\n\n\n\n<p>Le magn\u00e9tisme repose sur le fait que tout \u00eatre humain, comme toute mati\u00e8re qui nous entoure, contient de l\u2019\u00e9nergie, et est donc v\u00e9hicule d\u2019\u00e9nergie. Pour qu\u2019un individu soit en bonne sant\u00e9, autrement dit que l\u2019organisme humain fonctionne bien, cette \u00e9nergie doit circuler correctement.<\/p>\n\n\n\n<p>Le magn\u00e9tisme permet de d\u00e9nouer les n\u0153uds du corps et du mental pour se sentir plus apais\u00e9 et pour lib\u00e9rer l&#8217;\u00e9nergie afin qu&#8217;elle circule bien des pieds \u00e0 la t\u00eate. Il permet de lib\u00e9rer des blocages et des tensions au niveau physique, mental et \u00e9motionnel.<\/p>\n\n\n\n<p>Le magn\u00e9tisme peut permettre de soulager toutes sortes de maux&nbsp;: douleurs articulaires, br\u00fblures, troubles intestinaux, probl\u00e8mes de peau, zona, ecz\u00e9ma, troubles du sommeil, douleurs chroniques, migraines, stress, fatigue. Le magn\u00e9tisme active la cicatrisation.<\/p>\n\n\n<div class=\"wp-block-image\">\n<figure class=\"alignleft size-large is-resized\"><img loading=\"lazy\" decoding=\"async\" width=\"1024\" height=\"853\" src=\"https:\/\/demarichazelles.fr\/wp-content\/uploads\/2023\/11\/mains-1024x853.jpg\" alt=\"\" class=\"wp-image-80\" style=\"aspect-ratio:1.2004689331770222;width:170px;height:auto\" srcset=\"https:\/\/demarichazelles.fr\/wp-content\/uploads\/2023\/11\/mains-1024x853.jpg 1024w, https:\/\/demarichazelles.fr\/wp-content\/uploads\/2023\/11\/mains-300x250.jpg 300w, https:\/\/demarichazelles.fr\/wp-content\/uploads\/2023\/11\/mains-768x640.jpg 768w, https:\/\/demarichazelles.fr\/wp-content\/uploads\/2023\/11\/mains-1536x1280.jpg 1536w, https:\/\/demarichazelles.fr\/wp-content\/uploads\/2023\/11\/mains-1568x1307.jpg 1568w, https:\/\/demarichazelles.fr\/wp-content\/uploads\/2023\/11\/mains.jpg 1920w\" sizes=\"auto, (max-width: 1024px) 100vw, 1024px\" \/><\/figure>\n<\/div>\n\n\n<p>Le magn\u00e9tisme peut \u00e9galement permettre de soulager certains troubles psychiques ou \u00e9motionnels et ainsi r\u00e9duire les tensions musculaires et procurer une sensation d\u2019apaisement. Il peut permettre un l\u00e2cher-prise qui lib\u00e8re les \u00e9motions : peurs, angoisses &#8230; Il est aussi tr\u00e8s efficace face au surmenage, burn-out, choc \u00e9motionnel, probl\u00e8mes de sommeil, migraines ophtalmiques.<\/p>\n\n\n\n<p>Tout le monde peut pratiquer une s\u00e9ance de magn\u00e9tisme afin de r\u00e9\u00e9quilibrer son corps et apaiser ses tensions. Ainsi le magn\u00e9tisme peut aussi bien aider les adultes que les enfants ou m\u00eame les animaux.<\/p>\n\n\n\n<hr class=\"wp-block-separator has-alpha-channel-opacity\"\/>\n\n\n\n<h6 class=\"wp-block-heading\"><em>Le magn\u00e9tisme ne se substitue en aucun cas \u00e0 la m\u00e9decine conventionnelle. Le magn\u00e9tisme ne remplace en aucun cas un suivi m\u00e9dical, ni un traitement allopathique, ni un acte chirurgical. Le magn\u00e9tisme est en compl\u00e9ment.<br>Le magn\u00e9tiseur est un accompagnateur bienveillant, une main-tendue, mais pas un m\u00e9decin. En cons\u00e9quence, il ne proc\u00e8de \u00e0 aucun diagnostic ou traitement et ne prend aucune d\u00e9cision de cet ordre.<br>Le magn\u00e9tiseur s\u2019impose le secret professionnel en observant la plus grande discr\u00e9tion et en ne d\u00e9voilant en aucun cas les informations personnelles relatives aux personnes accompagn\u00e9es.<\/em><\/h6>\n","protected":false},"excerpt":{"rendered":"<p>Fluide impalpable et in-quantifiable, le magn\u00e9tisme est une force vitale pr\u00e9sente en chaque \u00eatre humain. L\u2019action de magn\u00e9tiser consiste \u00e0 transmettre cette \u00e9nergie d\u2019une personne (magn\u00e9tiseur) \u00e0 une autre (magn\u00e9tis\u00e9). Cette transmission am\u00e9liore la circulation du magn\u00e9tisme de la personne qui le re\u00e7oit, r\u00e9\u00e9quilibre son esprit et revitalise son corps. L\u2019homme se trouve plac\u00e9 au&hellip; <a class=\"more-link\" href=\"https:\/\/demarichazelles.fr\/?page_id=30\">Continue reading <span class=\"screen-reader-text\">Magn\u00e9tisme<\/span><\/a><\/p>\n","protected":false},"author":1,"featured_media":0,"parent":0,"menu_order":0,"comment_status":"closed","ping_status":"closed","template":"","meta":{"footnotes":"[]"},"class_list":["post-30","page","type-page","status-publish","hentry","entry"],"_links":{"self":[{"href":"https:\/\/demarichazelles.fr\/index.php?rest_route=\/wp\/v2\/pages\/30","targetHints":{"allow":["GET"]}}],"collection":[{"href":"https:\/\/demarichazelles.fr\/index.php?rest_route=\/wp\/v2\/pages"}],"about":[{"href":"https:\/\/demarichazelles.fr\/index.php?rest_route=\/wp\/v2\/types\/page"}],"author":[{"embeddable":true,"href":"https:\/\/demarichazelles.fr\/index.php?rest_route=\/wp\/v2\/users\/1"}],"replies":[{"embeddable":true,"href":"https:\/\/demarichazelles.fr\/index.php?rest_route=%2Fwp%2Fv2%2Fcomments&post=30"}],"version-history":[{"count":8,"href":"https:\/\/demarichazelles.fr\/index.php?rest_route=\/wp\/v2\/pages\/30\/revisions"}],"predecessor-version":[{"id":158,"href":"https:\/\/demarichazelles.fr\/index.php?rest_route=\/wp\/v2\/pages\/30\/revisions\/158"}],"wp:attachment":[{"href":"https:\/\/demarichazelles.fr\/index.php?rest_route=%2Fwp%2Fv2%2Fmedia&parent=30"}],"curies":[{"name":"wp","href":"https:\/\/api.w.org\/{rel}","templated":true}]}}