{"id":36,"date":"2023-10-18T15:55:44","date_gmt":"2023-10-18T13:55:44","guid":{"rendered":"https:\/\/demarichazelles.fr\/?page_id=36"},"modified":"2023-11-14T14:44:42","modified_gmt":"2023-11-14T13:44:42","slug":"reiki","status":"publish","type":"page","link":"https:\/\/demarichazelles.fr\/?page_id=36","title":{"rendered":"Reiki"},"content":{"rendered":"\n<p>Le Reiki est une technique d&#8217;imposition des mains japonaise, appartenant \u00e0 l\u2019approche \u00e9nerg\u00e9tique.<\/p>\n\n\n<div class=\"wp-block-image\">\n<figure class=\"alignright size-full is-resized\"><img loading=\"lazy\" decoding=\"async\" width=\"400\" height=\"800\" src=\"https:\/\/demarichazelles.fr\/wp-content\/uploads\/2023\/11\/Reiki.svg_.png\" alt=\"\" class=\"wp-image-76\" style=\"aspect-ratio:0.5;width:164px;height:auto\" srcset=\"https:\/\/demarichazelles.fr\/wp-content\/uploads\/2023\/11\/Reiki.svg_.png 400w, https:\/\/demarichazelles.fr\/wp-content\/uploads\/2023\/11\/Reiki.svg_-150x300.png 150w\" sizes=\"auto, (max-width: 400px) 100vw, 400px\" \/><\/figure>\n<\/div>\n\n\n<p>Le reiki agit sur notre \u00e9nergie vitale, le Qi, une \u00e9nergie invisible mais universelle \u00e0 l&#8217;origine de toute vie.<\/p>\n\n\n\n<p>Le Reiki vise \u00e0 remettre en contact l&#8217;\u00e9nergie universelle et la force vitale afin de susciter un r\u00e9veil dynamique qui permettra de restaurer la bonne circulation de l\u2019\u00e9nergie vitale, le Qi, dans le corps et ainsi de stimuler la capacit\u00e9 d\u2019auto-gu\u00e9rison du corps.<\/p>\n\n\n\n<p>Le Reiki permet de lib\u00e9rer des blocages et des tensions au niveau physique, mental et \u00e9motionnel.<\/p>\n\n\n<div class=\"wp-block-image\">\n<figure class=\"alignleft size-large is-resized\"><img loading=\"lazy\" decoding=\"async\" width=\"1024\" height=\"682\" src=\"https:\/\/demarichazelles.fr\/wp-content\/uploads\/2023\/11\/wellness-285590_1280-1024x682.jpg\" alt=\"\" class=\"wp-image-78\" style=\"aspect-ratio:1.501466275659824;width:225px;height:auto\" srcset=\"https:\/\/demarichazelles.fr\/wp-content\/uploads\/2023\/11\/wellness-285590_1280-1024x682.jpg 1024w, https:\/\/demarichazelles.fr\/wp-content\/uploads\/2023\/11\/wellness-285590_1280-300x200.jpg 300w, https:\/\/demarichazelles.fr\/wp-content\/uploads\/2023\/11\/wellness-285590_1280-768x512.jpg 768w, https:\/\/demarichazelles.fr\/wp-content\/uploads\/2023\/11\/wellness-285590_1280.jpg 1280w\" sizes=\"auto, (max-width: 1024px) 100vw, 1024px\" \/><\/figure>\n<\/div>\n\n\n<p>C&#8217;est une technique de relaxation profonde qui peut agir sur la mani\u00e8re dont on appr\u00e9hende les choses et aider \u00e0 se d\u00e9tendre.<\/p>\n\n\n\n<p>Le Reiki est id\u00e9al en cas de fatigue passag\u00e8re, de stress, d&#8217;anxi\u00e9t\u00e9, d&#8217;insomnie &#8230;<\/p>\n\n\n\n<p>Le Reiki s&#8217;inspire du bouddhisme et du tao\u00efsme.<\/p>\n\n\n\n<hr class=\"wp-block-separator has-alpha-channel-opacity\"\/>\n\n\n\n<h6 class=\"wp-block-heading\"><em>Le Reiki ne se substitue en aucun cas \u00e0 la m\u00e9decine conventionnelle. Le Reiki ne remplace en aucun cas un suivi m\u00e9dical, ni un traitement allopathique, ni un acte chirurgical. Le magn\u00e9tisme est en compl\u00e9ment.<br>Le praticien Reiki est un accompagnateur bienveillant, une main-tendue, mais pas un m\u00e9decin. En cons\u00e9quence, il ne proc\u00e8de \u00e0 aucun diagnostic ou traitement et ne prend aucune d\u00e9cision de cet ordre.<br>Le praticien Reiki s\u2019impose le secret professionnel en observant la plus grande discr\u00e9tion et en ne d\u00e9voilant en aucun cas les informations personnelles relatives aux personnes accompagn\u00e9es.<\/em><\/h6>\n","protected":false},"excerpt":{"rendered":"<p>Le Reiki est une technique d&#8217;imposition des mains japonaise, appartenant \u00e0 l\u2019approche \u00e9nerg\u00e9tique. Le reiki agit sur notre \u00e9nergie vitale, le Qi, une \u00e9nergie invisible mais universelle \u00e0 l&#8217;origine de toute vie. Le Reiki vise \u00e0 remettre en contact l&#8217;\u00e9nergie universelle et la force vitale afin de susciter un r\u00e9veil dynamique qui permettra de restaurer&hellip; <a class=\"more-link\" href=\"https:\/\/demarichazelles.fr\/?page_id=36\">Continue reading <span class=\"screen-reader-text\">Reiki<\/span><\/a><\/p>\n","protected":false},"author":1,"featured_media":0,"parent":0,"menu_order":0,"comment_status":"closed","ping_status":"closed","template":"","meta":{"footnotes":""},"class_list":["post-36","page","type-page","status-publish","hentry","entry"],"_links":{"self":[{"href":"https:\/\/demarichazelles.fr\/index.php?rest_route=\/wp\/v2\/pages\/36","targetHints":{"allow":["GET"]}}],"collection":[{"href":"https:\/\/demarichazelles.fr\/index.php?rest_route=\/wp\/v2\/pages"}],"about":[{"href":"https:\/\/demarichazelles.fr\/index.php?rest_route=\/wp\/v2\/types\/page"}],"author":[{"embeddable":true,"href":"https:\/\/demarichazelles.fr\/index.php?rest_route=\/wp\/v2\/users\/1"}],"replies":[{"embeddable":true,"href":"https:\/\/demarichazelles.fr\/index.php?rest_route=%2Fwp%2Fv2%2Fcomments&post=36"}],"version-history":[{"count":3,"href":"https:\/\/demarichazelles.fr\/index.php?rest_route=\/wp\/v2\/pages\/36\/revisions"}],"predecessor-version":[{"id":95,"href":"https:\/\/demarichazelles.fr\/index.php?rest_route=\/wp\/v2\/pages\/36\/revisions\/95"}],"wp:attachment":[{"href":"https:\/\/demarichazelles.fr\/index.php?rest_route=%2Fwp%2Fv2%2Fmedia&parent=36"}],"curies":[{"name":"wp","href":"https:\/\/api.w.org\/{rel}","templated":true}]}}