{"id":39,"date":"2023-10-18T15:59:23","date_gmt":"2023-10-18T13:59:23","guid":{"rendered":"https:\/\/demarichazelles.fr\/?page_id=39"},"modified":"2023-11-14T14:46:08","modified_gmt":"2023-11-14T13:46:08","slug":"reflexologie","status":"publish","type":"page","link":"https:\/\/demarichazelles.fr\/?page_id=39","title":{"rendered":"R\u00e9flexologie"},"content":{"rendered":"\n<p>La r\u00e9flexologie, qu\u2019elle soit plantaire ou palmaire procure une d\u00e9tente profonde et poss\u00e8de un aspect r\u00e9parateur et pr\u00e9ventif.<\/p>\n\n\n<div class=\"wp-block-image\">\n<figure class=\"alignright size-large is-resized\"><img loading=\"lazy\" decoding=\"async\" width=\"1024\" height=\"683\" src=\"https:\/\/demarichazelles.fr\/wp-content\/uploads\/2023\/11\/foot-reflexology-3781174_1920-1024x683.jpg\" alt=\"\" class=\"wp-image-106\" style=\"width:249px;height:auto\" srcset=\"https:\/\/demarichazelles.fr\/wp-content\/uploads\/2023\/11\/foot-reflexology-3781174_1920-1024x683.jpg 1024w, https:\/\/demarichazelles.fr\/wp-content\/uploads\/2023\/11\/foot-reflexology-3781174_1920-300x200.jpg 300w, https:\/\/demarichazelles.fr\/wp-content\/uploads\/2023\/11\/foot-reflexology-3781174_1920-768x512.jpg 768w, https:\/\/demarichazelles.fr\/wp-content\/uploads\/2023\/11\/foot-reflexology-3781174_1920-1536x1024.jpg 1536w, https:\/\/demarichazelles.fr\/wp-content\/uploads\/2023\/11\/foot-reflexology-3781174_1920-1568x1045.jpg 1568w, https:\/\/demarichazelles.fr\/wp-content\/uploads\/2023\/11\/foot-reflexology-3781174_1920.jpg 1920w\" sizes=\"auto, (max-width: 1024px) 100vw, 1024px\" \/><\/figure>\n<\/div>\n\n\n<p>La r\u00e9flexologie a pour but de stimuler les facult\u00e9s d\u2019auto-gu\u00e9rison du corps. Elle se pratique en exer\u00e7ant une pression soutenue, avec le bout des doigts, sur des zones ou des points r\u00e9flexes situ\u00e9s sur les pieds et les mains. Ces points correspondent \u00e0 des organes ou des fonctions organiques. La r\u00e9flexologie n\u2019est pas une technique de massage, m\u00eame si elle peut y ressembler \u00e0 premi\u00e8re vue.<\/p>\n\n\n\n<p>La r\u00e9flexologie cherche \u00e0 restaurer la bonne circulation de l\u2019\u00e9nergie vitale, le Qi, dans le corps. Elle permet de lib\u00e9rer des blocages et des tensions au niveau physique, mental et \u00e9motionnel, et de soulager des maux de la vie quotidienne : stress, fatigue, mal de dos, troubles digestifs, constipation, troubles du sommeil\u2026<\/p>\n\n\n\n<h4 class=\"wp-block-heading\">La r\u00e9flexologie plantaire<\/h4>\n\n\n\n<p>La r\u00e9flexologie plantaire est de loin la plus pratiqu\u00e9e. Elle a pour base une cartographie tr\u00e8s pr\u00e9cise, les pieds \u00e9tant le miroir du corps.<\/p>\n\n\n<div class=\"wp-block-image\">\n<figure class=\"alignleft size-large is-resized\"><img loading=\"lazy\" decoding=\"async\" width=\"1024\" height=\"615\" src=\"https:\/\/demarichazelles.fr\/wp-content\/uploads\/2023\/11\/hand-massage-7440712_1280-1024x615.jpg\" alt=\"\" class=\"wp-image-82\" style=\"aspect-ratio:1.665040650406504;width:215px;height:auto\" srcset=\"https:\/\/demarichazelles.fr\/wp-content\/uploads\/2023\/11\/hand-massage-7440712_1280-1024x615.jpg 1024w, https:\/\/demarichazelles.fr\/wp-content\/uploads\/2023\/11\/hand-massage-7440712_1280-300x180.jpg 300w, https:\/\/demarichazelles.fr\/wp-content\/uploads\/2023\/11\/hand-massage-7440712_1280-768x461.jpg 768w, https:\/\/demarichazelles.fr\/wp-content\/uploads\/2023\/11\/hand-massage-7440712_1280.jpg 1280w\" sizes=\"auto, (max-width: 1024px) 100vw, 1024px\" \/><\/figure>\n<\/div>\n\n\n<h4 class=\"wp-block-heading\">La r\u00e9flexologie palmaire<\/h4>\n\n\n\n<p>La r\u00e9flexologie palmaire est beaucoup moins connue et pratiqu\u00e9e. Nos mains, \u00e9tant elles aussi le miroir de notre corps. Les zones r\u00e9flexes sont situ\u00e9es \u00e0 la fois sur les doigts, dans la paume et sur le dessus des deux mains.<\/p>\n\n\n\n<hr class=\"wp-block-separator has-alpha-channel-opacity\"\/>\n\n\n\n<h6 class=\"wp-block-heading\"><em>La r\u00e9flexologie ne se substitue en aucun cas \u00e0 la m\u00e9decine conventionnelle. La r\u00e9flexologie ne remplace en aucun cas un suivi m\u00e9dical, ni un traitement allopathique, ni un acte chirurgical. La r\u00e9flexologie est en compl\u00e9ment.<br>Le r\u00e9flexologue est un accompagnateur bienveillant, une main-tendue, mais pas un m\u00e9decin. En cons\u00e9quence, il ne proc\u00e8de \u00e0 aucun diagnostic ou traitement et ne prend aucune d\u00e9cision de cet ordre.<br>Le r\u00e9flexologue s\u2019impose le secret professionnel en observant la plus grande discr\u00e9tion et en ne d\u00e9voilant en aucun cas les informations personnelles relatives aux personnes accompagn\u00e9es.<\/em><\/h6>\n","protected":false},"excerpt":{"rendered":"<p>La r\u00e9flexologie, qu\u2019elle soit plantaire ou palmaire procure une d\u00e9tente profonde et poss\u00e8de un aspect r\u00e9parateur et pr\u00e9ventif. La r\u00e9flexologie a pour but de stimuler les facult\u00e9s d\u2019auto-gu\u00e9rison du corps. Elle se pratique en exer\u00e7ant une pression soutenue, avec le bout des doigts, sur des zones ou des points r\u00e9flexes situ\u00e9s sur les pieds et&hellip; <a class=\"more-link\" href=\"https:\/\/demarichazelles.fr\/?page_id=39\">Continue reading <span class=\"screen-reader-text\">R\u00e9flexologie<\/span><\/a><\/p>\n","protected":false},"author":1,"featured_media":0,"parent":0,"menu_order":0,"comment_status":"closed","ping_status":"closed","template":"","meta":{"footnotes":""},"class_list":["post-39","page","type-page","status-publish","hentry","entry"],"_links":{"self":[{"href":"https:\/\/demarichazelles.fr\/index.php?rest_route=\/wp\/v2\/pages\/39","targetHints":{"allow":["GET"]}}],"collection":[{"href":"https:\/\/demarichazelles.fr\/index.php?rest_route=\/wp\/v2\/pages"}],"about":[{"href":"https:\/\/demarichazelles.fr\/index.php?rest_route=\/wp\/v2\/types\/page"}],"author":[{"embeddable":true,"href":"https:\/\/demarichazelles.fr\/index.php?rest_route=\/wp\/v2\/users\/1"}],"replies":[{"embeddable":true,"href":"https:\/\/demarichazelles.fr\/index.php?rest_route=%2Fwp%2Fv2%2Fcomments&post=39"}],"version-history":[{"count":6,"href":"https:\/\/demarichazelles.fr\/index.php?rest_route=\/wp\/v2\/pages\/39\/revisions"}],"predecessor-version":[{"id":153,"href":"https:\/\/demarichazelles.fr\/index.php?rest_route=\/wp\/v2\/pages\/39\/revisions\/153"}],"wp:attachment":[{"href":"https:\/\/demarichazelles.fr\/index.php?rest_route=%2Fwp%2Fv2%2Fmedia&parent=39"}],"curies":[{"name":"wp","href":"https:\/\/api.w.org\/{rel}","templated":true}]}}