{"id":5,"date":"2023-10-04T15:58:51","date_gmt":"2023-10-04T13:58:51","guid":{"rendered":"https:\/\/demarichazelles.fr\/?page_id=5"},"modified":"2023-11-14T14:42:08","modified_gmt":"2023-11-14T13:42:08","slug":"creez-votre-site-avec-des-blocs","status":"publish","type":"page","link":"https:\/\/demarichazelles.fr\/","title":{"rendered":"Accueil"},"content":{"rendered":"\n<h2 class=\"wp-block-heading alignwide has-text-align-wide has-gigantic-font-size\" style=\"line-height:1.1\"><mark style=\"background-color:rgba(0, 0, 0, 0);color:#040265\" class=\"has-inline-color\">Deux, c&#8217;est mieux<\/mark><\/h2>\n\n\n\n<p><br>Deux, c\u2019est nous, Pascale et Augustin de Mari \u00e0 Chazelles (16380).<\/p>\n\n\n\n<p>Pascale est \u00e9nerg\u00e9ticienne, Ma\u00eetre Reiki, magn\u00e9tiseur et naturopathe.<br>Augustin est r\u00e9flexologue, Ma\u00eetre Reiki, magn\u00e9tiseur et coach bien-\u00eatre.<\/p>\n\n\n\n<p>Nous partageons les m\u00eames valeurs et la conviction qu\u2019il existe une \u00c9nergie Universelle omnipr\u00e9sente.<\/p>\n\n\n\n<p>L\u2019\u00c9nergie Universelle est une force vitale qui anime toute forme de vie. L\u2019\u00c9nergie Universelle agit sur tous les organes et toutes les cellules du corps. Un manque ou un d\u00e9s\u00e9quilibre de cette force vitale dans le corps peut entra\u00eener un inconfort ou des probl\u00e8mes.<\/p>\n\n\n\n<p>Gr\u00e2ce \u00e0 nos mains, nous aidons votre syst\u00e8me \u00e9nerg\u00e9tique \u00e0 retrouver son \u00e9quilibre naturel et \u00e0 am\u00e9liorer de mani\u00e8re holistique votre sant\u00e9 en harmonisant le corps, l\u2019esprit et l\u2019\u00e2me.<\/p>\n\n\n\n<p>Au lieu de rester chacun dans notre coin, nous avons d\u00e9cid\u00e9 d\u2019associer nos comp\u00e9tences&nbsp;: deux, c\u2019est mieux.<\/p>\n\n\n\n<p>Pour en savoir plus sur chacun d\u2019entre nous, allez \u00e0 <a href=\"https:\/\/demarichazelles.fr\/?page_id=6\" title=\"Nous deux\">Nous Deux<\/a> (et cliquez sur la carte de visite).<\/p>\n\n\n\n<hr class=\"wp-block-separator has-alpha-channel-opacity\"\/>\n\n\n\n<h6 class=\"wp-block-heading\">Notre approche est compl\u00e9mentaire \u00e0 la m\u00e9decine conventionnelle et ne la remplace en aucun cas.<\/h6>\n\n\n\n<div class=\"wp-block-columns alignwide are-vertically-aligned-top is-layout-flex wp-container-core-columns-is-layout-9d6595d7 wp-block-columns-is-layout-flex\">\n<div class=\"wp-block-column is-layout-flow wp-block-column-is-layout-flow\"><\/div>\n<\/div>\n","protected":false},"excerpt":{"rendered":"<p>Deux, c&#8217;est mieux Deux, c\u2019est nous, Pascale et Augustin de Mari \u00e0 Chazelles (16380). Pascale est \u00e9nerg\u00e9ticienne, Ma\u00eetre Reiki, magn\u00e9tiseur et naturopathe.Augustin est r\u00e9flexologue, Ma\u00eetre Reiki, magn\u00e9tiseur et coach bien-\u00eatre. Nous partageons les m\u00eames valeurs et la conviction qu\u2019il existe une \u00c9nergie Universelle omnipr\u00e9sente. L\u2019\u00c9nergie Universelle est une force vitale qui anime toute forme de&hellip; <a class=\"more-link\" href=\"https:\/\/demarichazelles.fr\/\">Continue reading <span class=\"screen-reader-text\">Accueil<\/span><\/a><\/p>\n","protected":false},"author":1,"featured_media":0,"parent":0,"menu_order":0,"comment_status":"closed","ping_status":"closed","template":"","meta":{"footnotes":""},"class_list":["post-5","page","type-page","status-publish","hentry","entry"],"_links":{"self":[{"href":"https:\/\/demarichazelles.fr\/index.php?rest_route=\/wp\/v2\/pages\/5","targetHints":{"allow":["GET"]}}],"collection":[{"href":"https:\/\/demarichazelles.fr\/index.php?rest_route=\/wp\/v2\/pages"}],"about":[{"href":"https:\/\/demarichazelles.fr\/index.php?rest_route=\/wp\/v2\/types\/page"}],"author":[{"embeddable":true,"href":"https:\/\/demarichazelles.fr\/index.php?rest_route=\/wp\/v2\/users\/1"}],"replies":[{"embeddable":true,"href":"https:\/\/demarichazelles.fr\/index.php?rest_route=%2Fwp%2Fv2%2Fcomments&post=5"}],"version-history":[{"count":15,"href":"https:\/\/demarichazelles.fr\/index.php?rest_route=\/wp\/v2\/pages\/5\/revisions"}],"predecessor-version":[{"id":160,"href":"https:\/\/demarichazelles.fr\/index.php?rest_route=\/wp\/v2\/pages\/5\/revisions\/160"}],"wp:attachment":[{"href":"https:\/\/demarichazelles.fr\/index.php?rest_route=%2Fwp%2Fv2%2Fmedia&parent=5"}],"curies":[{"name":"wp","href":"https:\/\/api.w.org\/{rel}","templated":true}]}}