{"id":6,"date":"2023-10-04T15:58:51","date_gmt":"2023-10-04T13:58:51","guid":{"rendered":"https:\/\/demarichazelles.fr\/?page_id=6"},"modified":"2023-11-23T14:24:52","modified_gmt":"2023-11-23T13:24:52","slug":"a-propos-de","status":"publish","type":"page","link":"https:\/\/demarichazelles.fr\/?page_id=6","title":{"rendered":"Nous deux"},"content":{"rendered":"\n<div class=\"wp-block-columns is-layout-flex wp-container-core-columns-is-layout-9d6595d7 wp-block-columns-is-layout-flex\">\n<div class=\"wp-block-column is-layout-flow wp-block-column-is-layout-flow\">\n<h3 class=\"wp-block-heading\"><strong>Pascale de Mari<\/strong><br><strong>\u00c9nerg\u00e9ticienne<\/strong><\/h3>\n\n\n\n<figure class=\"wp-block-image size-large is-resized\"><a href=\"https:\/\/demarichazelles.fr\/?page_id=137\" target=\"_blank\" rel=\"noreferrer noopener\"><img loading=\"lazy\" decoding=\"async\" width=\"1024\" height=\"675\" src=\"http:\/\/demarichazelles.fr\/wp-content\/uploads\/2023\/11\/visitekaartje-Pascale-1024x675.jpg\" alt=\"\" class=\"wp-image-69\" style=\"aspect-ratio:1.517037037037037;width:286px;height:auto\" srcset=\"https:\/\/demarichazelles.fr\/wp-content\/uploads\/2023\/11\/visitekaartje-Pascale-1024x675.jpg 1024w, https:\/\/demarichazelles.fr\/wp-content\/uploads\/2023\/11\/visitekaartje-Pascale-300x198.jpg 300w, https:\/\/demarichazelles.fr\/wp-content\/uploads\/2023\/11\/visitekaartje-Pascale-768x506.jpg 768w, https:\/\/demarichazelles.fr\/wp-content\/uploads\/2023\/11\/visitekaartje-Pascale.jpg 1039w\" sizes=\"auto, (max-width: 1024px) 100vw, 1024px\" \/><\/a><\/figure>\n\n\n\n<p><a href=\"https:\/\/demarichazelles.fr\/?page_id=137\" target=\"_blank\" rel=\"noopener\" title=\"Pascale de Mari\">Cliquez ici<\/a><\/p>\n\n\n\n<p><strong>Ma\u00eetre Reiki \/ Magn\u00e9tiseur \/ Naturopathe<\/strong><\/p>\n\n\n\n<p>06 22 63 14 11<br>pascale.de.mari16@gmail.com<\/p>\n\n\n\n<h6 class=\"wp-block-heading\">E.I. Pascale de Mari<br>Siret&nbsp;: 949055305 00013<\/h6>\n\n\n\n<h6 class=\"wp-block-heading\"><mark style=\"background-color:rgba(0, 0, 0, 0)\" class=\"has-inline-color has-gray-color\">RC Pro : Hiscox, contrat HA RCP0398071<\/mark><\/h6>\n<\/div>\n\n\n\n<div class=\"wp-block-column is-layout-flow wp-block-column-is-layout-flow\">\n<h3 class=\"wp-block-heading\"><strong>Augustin de Mari<\/strong><br><strong>R\u00e9flexologue<\/strong><\/h3>\n\n\n\n<figure class=\"wp-block-image size-large is-resized\"><a href=\"https:\/\/demarichazelles.fr\/?page_id=139\" target=\"_blank\" rel=\"noreferrer noopener\"><img loading=\"lazy\" decoding=\"async\" width=\"662\" height=\"1024\" src=\"http:\/\/demarichazelles.fr\/wp-content\/uploads\/2023\/11\/visitekaartje-Augustin-662x1024.jpg\" alt=\"\" class=\"wp-image-70\" style=\"aspect-ratio:0.646484375;width:206px;height:auto\" srcset=\"https:\/\/demarichazelles.fr\/wp-content\/uploads\/2023\/11\/visitekaartje-Augustin-662x1024.jpg 662w, https:\/\/demarichazelles.fr\/wp-content\/uploads\/2023\/11\/visitekaartje-Augustin-194x300.jpg 194w, https:\/\/demarichazelles.fr\/wp-content\/uploads\/2023\/11\/visitekaartje-Augustin-768x1187.jpg 768w, https:\/\/demarichazelles.fr\/wp-content\/uploads\/2023\/11\/visitekaartje-Augustin-994x1536.jpg 994w, https:\/\/demarichazelles.fr\/wp-content\/uploads\/2023\/11\/visitekaartje-Augustin.jpg 1299w\" sizes=\"auto, (max-width: 662px) 100vw, 662px\" \/><\/a><\/figure>\n\n\n\n<p><a href=\"https:\/\/demarichazelles.fr\/?page_id=139\" title=\"Augustin de Mari\">Cliquez ici<\/a><\/p>\n\n\n\n<p><strong>Magn\u00e9tiseur \/ Ma\u00eetre Reiki \/ Coach bien-\u00eatre<\/strong><\/p>\n\n\n\n<p>06 25 89 56 77<br>augustindemari@gmail.com<\/p>\n\n\n\n<h6 class=\"wp-block-heading\">E.I. Augustin de Mari<br>Siret&nbsp;: 950877308 00011<\/h6>\n\n\n\n<h6 class=\"wp-block-heading\"><mark style=\"background-color:rgba(0, 0, 0, 0)\" class=\"has-inline-color has-gray-color\">RC Pro : Hiscox, contrat HA RCP0398072<\/mark><\/h6>\n<\/div>\n<\/div>\n\n\n\n<p><\/p>\n\n\n\n<p><\/p>\n\n\n\n<p><\/p>\n","protected":false},"excerpt":{"rendered":"<p>Pascale de Mari\u00c9nerg\u00e9ticienne Cliquez ici Ma\u00eetre Reiki \/ Magn\u00e9tiseur \/ Naturopathe 06 22 63 14 11pascale.de.mari16@gmail.com E.I. Pascale de MariSiret&nbsp;: 949055305 00013 RC Pro : Hiscox, contrat HA RCP0398071 Augustin de MariR\u00e9flexologue Cliquez ici Magn\u00e9tiseur \/ Ma\u00eetre Reiki \/ Coach bien-\u00eatre 06 25 89 56 77augustindemari@gmail.com E.I. Augustin de MariSiret&nbsp;: 950877308 00011 RC Pro :&hellip; <a class=\"more-link\" href=\"https:\/\/demarichazelles.fr\/?page_id=6\">Continue reading <span class=\"screen-reader-text\">Nous deux<\/span><\/a><\/p>\n","protected":false},"author":1,"featured_media":0,"parent":0,"menu_order":0,"comment_status":"closed","ping_status":"closed","template":"","meta":{"footnotes":""},"class_list":["post-6","page","type-page","status-publish","hentry","entry"],"_links":{"self":[{"href":"https:\/\/demarichazelles.fr\/index.php?rest_route=\/wp\/v2\/pages\/6","targetHints":{"allow":["GET"]}}],"collection":[{"href":"https:\/\/demarichazelles.fr\/index.php?rest_route=\/wp\/v2\/pages"}],"about":[{"href":"https:\/\/demarichazelles.fr\/index.php?rest_route=\/wp\/v2\/types\/page"}],"author":[{"embeddable":true,"href":"https:\/\/demarichazelles.fr\/index.php?rest_route=\/wp\/v2\/users\/1"}],"replies":[{"embeddable":true,"href":"https:\/\/demarichazelles.fr\/index.php?rest_route=%2Fwp%2Fv2%2Fcomments&post=6"}],"version-history":[{"count":21,"href":"https:\/\/demarichazelles.fr\/index.php?rest_route=\/wp\/v2\/pages\/6\/revisions"}],"predecessor-version":[{"id":181,"href":"https:\/\/demarichazelles.fr\/index.php?rest_route=\/wp\/v2\/pages\/6\/revisions\/181"}],"wp:attachment":[{"href":"https:\/\/demarichazelles.fr\/index.php?rest_route=%2Fwp%2Fv2%2Fmedia&parent=6"}],"curies":[{"name":"wp","href":"https:\/\/api.w.org\/{rel}","templated":true}]}}